{"id":60,"date":"2025-10-02T14:06:54","date_gmt":"2025-10-02T14:06:54","guid":{"rendered":"https:\/\/scandair.de\/?page_id=49"},"modified":"2025-10-27T17:47:38","modified_gmt":"2025-10-27T15:47:38","slug":"coa-air","status":"publish","type":"page","link":"https:\/\/coa-air.com\/en\/","title":{"rendered":"Coa Air Solutions GmbH"},"content":{"rendered":"\n<div class=\"wp-block-cover aligncenter\" style=\"border-style:none;border-width:0px;border-radius:47px\" id=\"home\"><img loading=\"lazy\" decoding=\"async\" width=\"2560\" height=\"1301\" class=\"wp-block-cover__image-background wp-image-294 size-full\" alt=\"\" src=\"https:\/\/coa-air.com\/wp-content\/uploads\/2025\/10\/pexels-kelvin809-810775_gespiegelt_zoom-scaled.jpg\" style=\"object-position:0% 0%\" data-object-fit=\"cover\" data-object-position=\"0% 0%\" srcset=\"https:\/\/coa-air.com\/wp-content\/uploads\/2025\/10\/pexels-kelvin809-810775_gespiegelt_zoom-scaled.jpg 2560w, https:\/\/coa-air.com\/wp-content\/uploads\/2025\/10\/pexels-kelvin809-810775_gespiegelt_zoom-300x152.jpg 300w, https:\/\/coa-air.com\/wp-content\/uploads\/2025\/10\/pexels-kelvin809-810775_gespiegelt_zoom-1024x520.jpg 1024w, https:\/\/coa-air.com\/wp-content\/uploads\/2025\/10\/pexels-kelvin809-810775_gespiegelt_zoom-768x390.jpg 768w, https:\/\/coa-air.com\/wp-content\/uploads\/2025\/10\/pexels-kelvin809-810775_gespiegelt_zoom-1536x781.jpg 1536w, https:\/\/coa-air.com\/wp-content\/uploads\/2025\/10\/pexels-kelvin809-810775_gespiegelt_zoom-2048x1041.jpg 2048w\" sizes=\"auto, (max-width: 2560px) 100vw, 2560px\" \/><span aria-hidden=\"true\" class=\"wp-block-cover__background has-ast-global-color-4-background-color has-background-dim-30 has-background-dim\"><\/span><div class=\"wp-block-cover__inner-container is-layout-constrained wp-block-cover-is-layout-constrained\">\n<div class=\"wp-block-group is-vertical is-layout-flex wp-container-core-group-is-layout-fe9cc265 wp-block-group-is-layout-flex\">\n<div style=\"height:50px\" aria-hidden=\"true\" class=\"wp-block-spacer wp-container-content-b30579f5\"><\/div>\n\n\n\n<figure class=\"wp-block-image alignright size-full is-resized\"><img loading=\"lazy\" decoding=\"async\" width=\"2560\" height=\"970\" src=\"https:\/\/coa-air.com\/wp-content\/uploads\/2025\/10\/Logo_Rev2-PFAD-scaled.png\" alt=\"\" class=\"wp-image-338\" style=\"width:500px\" srcset=\"https:\/\/coa-air.com\/wp-content\/uploads\/2025\/10\/Logo_Rev2-PFAD-scaled.png 2560w, https:\/\/coa-air.com\/wp-content\/uploads\/2025\/10\/Logo_Rev2-PFAD-300x114.png 300w, https:\/\/coa-air.com\/wp-content\/uploads\/2025\/10\/Logo_Rev2-PFAD-1024x388.png 1024w, https:\/\/coa-air.com\/wp-content\/uploads\/2025\/10\/Logo_Rev2-PFAD-768x291.png 768w, https:\/\/coa-air.com\/wp-content\/uploads\/2025\/10\/Logo_Rev2-PFAD-1536x582.png 1536w, https:\/\/coa-air.com\/wp-content\/uploads\/2025\/10\/Logo_Rev2-PFAD-2048x776.png 2048w, https:\/\/coa-air.com\/wp-content\/uploads\/2025\/10\/Logo_Rev2-PFAD-18x7.png 18w\" sizes=\"auto, (max-width: 2560px) 100vw, 2560px\" \/><\/figure>\n\n\n\n<div class=\"wp-block-group is-content-justification-right is-layout-constrained wp-container-core-group-is-layout-f1f2ed93 wp-block-group-is-layout-constrained\">\n<h3 class=\"wp-block-heading has-text-align-left has-ast-global-color-2-color has-text-color has-link-color wp-elements-7eeb2ebe13a39ebfd542fa459b27ea49 wp-container-content-e29552f7\"><strong>Next Level Air Filtration!<\/strong><\/h3>\n\n\n\n<div style=\"height:50px\" aria-hidden=\"true\" class=\"wp-block-spacer\"><\/div>\n<\/div>\n<\/div>\n<\/div><\/div>\n\n\n\n<hr class=\"wp-block-separator has-alpha-channel-opacity\" id=\"ueber-uns\"\/>\n\n\n\n<div style=\"height:80px\" aria-hidden=\"true\" class=\"wp-block-spacer\"><\/div>\n\n\n\n<h2 class=\"wp-block-heading has-text-align-center\">\u00dcber uns<\/h2>\n\n\n\n<p class=\"has-text-align-center\">Die ScandAir GmbH firmiert k\u00fcnftig unter dem Namen <strong>Coa Air Solutions GmbH<\/strong>. Mit diesem Schritt stellen wir unseren innovativen <strong>Koaleszenzfilter \u201eCOA\u201c<\/strong> in den Mittelpunkt, der erstmals eine effiziente Abscheidung sowohl von Fl\u00fcssig- als auch Feststoffbestandteilen aus Aerosolen erm\u00f6glicht. Damit setzen wir einen neuen Standard in der Filtrationstechnik und unterstreichen unsere Rolle als Entwickler zukunftsweisender L\u00f6sungen f\u00fcr saubere Luft. Der neue Name verbindet unsere Kernkompetenz mit unserem Anspruch, nachhaltige und leistungsstarke Air-Solutions zu schaffen.<\/p>\n\n\n\n<p class=\"has-text-align-center\">Unser Team vereint jahrzehntelange Expertise in Konstruktion und Filtrationsl\u00f6sungen mit einem klaren Fokus auf Innovation und Qualit\u00e4t. Mit kreativen Ans\u00e4tzen und einem tiefen technischen Verst\u00e4ndnis entwickeln wir neben Katalogware auch passgenaue L\u00f6sungen, die exakt auf die individuellen Anforderungen und W\u00fcnsche unserer Kunden zugeschnitten sind. Dabei gehen wir weit \u00fcber Standardl\u00f6sungen hinaus und setzen auf ma\u00dfgeschneiderte Konzepte, die sowohl funktional als auch zukunftsorientiert sind.<\/p>\n\n\n\n<p class=\"has-text-align-center\">Unsere Arbeit basiert auf einem festen Fundament aus Pr\u00e4zision, Erfahrung und Fortschritt. Wir begleiten jedes Projekt mit h\u00f6chster Sorgfalt von der ersten Idee bis zur finalen Umsetzung \u2013 und stehen unseren Kunden als verl\u00e4sslicher Partner zur Seite. Durch kontinuierliche Weiterentwicklung und den Einsatz neuester Technologien schaffen wir innovative Systeme, die nicht nur heute, sondern auch morgen \u00fcberzeugen.<\/p>\n\n\n\n<p class=\"has-text-align-center\">Vertrauen Sie auf ein Team, das technisches Know-how mit vision\u00e4rem Denken verbindet, f\u00fcr Ergebnisse, die nachhaltig beeindrucken.<\/p>\n\n\n\n<figure class=\"wp-block-image aligncenter size-full\"><img loading=\"lazy\" decoding=\"async\" width=\"700\" height=\"233\" src=\"https:\/\/coa-air.com\/wp-content\/uploads\/2025\/10\/Ueber-uns_700.png\" alt=\"\" class=\"wp-image-322\" style=\"object-fit:cover\" srcset=\"https:\/\/coa-air.com\/wp-content\/uploads\/2025\/10\/Ueber-uns_700.png 700w, https:\/\/coa-air.com\/wp-content\/uploads\/2025\/10\/Ueber-uns_700-300x100.png 300w, https:\/\/coa-air.com\/wp-content\/uploads\/2025\/10\/Ueber-uns_700-18x6.png 18w\" sizes=\"auto, (max-width: 700px) 100vw, 700px\" \/><\/figure>\n\n\n\n<div style=\"height:80px\" aria-hidden=\"true\" class=\"wp-block-spacer\"><\/div>\n\n\n\n<hr class=\"wp-block-separator has-alpha-channel-opacity\" id=\"leistungen\"\/>\n\n\n\n<div style=\"height:80px\" aria-hidden=\"true\" class=\"wp-block-spacer\"><\/div>\n\n\n\n<h2 class=\"wp-block-heading has-text-align-center\">Leistungen<\/h2>\n\n\n\n<p class=\"has-text-align-center\">Industrielle Prozesse erfordern leistungsstarke Systeme zur sicheren und effizienten Reinigung der Abluft. Unser Produktportfolio beschr\u00e4nkt sich nicht auf Regelprodukte. Dar\u00fcberhinaus entwickeln und fertigen wir ma\u00dfgeschneiderte Filteranlagen und Filterelemente, die Schadstoffe zuverl\u00e4ssig abscheiden. Mit modernster Technik, hoher Energieeffizienz und individuell abgestimmten Konzepten sorgen wir f\u00fcr saubere Luft, sichere Arbeitsbedingungen und nachhaltige Prozesse, in unterschiedlichsten Branchen und Anwendungen. <\/p>\n\n\n\n<p class=\"has-text-align-center\">Fordern auch Sie uns heraus &#8211; Wir freuen uns auf Ihre Anfrage!<\/p>\n\n\n\n<div class=\"wp-block-buttons is-content-justification-center is-layout-flex wp-container-core-buttons-is-layout-a89b3969 wp-block-buttons-is-layout-flex\">\n<div class=\"wp-block-button\"><a class=\"wp-block-button__link has-text-align-center wp-element-button\" href=\"\/#kontakt\" style=\"border-width:2px;padding-top:var(--wp--preset--spacing--40);padding-right:var(--wp--preset--spacing--50);padding-bottom:var(--wp--preset--spacing--40);padding-left:var(--wp--preset--spacing--50)\">Kontakt<\/a><\/div>\n<\/div>\n\n\n\n<figure class=\"wp-block-image aligncenter is-resized\"><img decoding=\"async\" src=\"http:\/\/coa-air.com\/wp-content\/uploads\/2025\/07\/Filterstufen-final.gif\" alt=\"Filterstufen final\" style=\"width:954px;height:auto\"\/><\/figure>\n\n\n\n<p class=\"has-text-align-center\">Ein mehrstufiger Filtrationsprozess stellt die Abscheidung von Staub- und Aerosolbelastungen sicher.<\/p>\n\n\n\n<div style=\"height:80px\" aria-hidden=\"true\" class=\"wp-block-spacer\"><\/div>\n\n\n\n<hr class=\"wp-block-separator has-alpha-channel-opacity\" id=\"kontakt\"\/>\n\n\n\n<div style=\"height:80px\" aria-hidden=\"true\" class=\"wp-block-spacer\"><\/div>\n\n\n\n<h2 class=\"wp-block-heading has-text-align-center\">Kontakt<\/h2>\n\n\n\n<div class=\"forminator-guttenberg\"><div class=\"forminator-ui forminator-custom-form forminator-custom-form-351 forminator-design--default  \" data-forminator-render=\"0\" data-form=\"forminator-module-351\" data-uid=\"69e3651e3c239\"><br\/><\/div><form\n\t\t\t\tid=\"forminator-module-351\"\n\t\t\t\tclass=\"forminator-ui forminator-custom-form forminator-custom-form-351 forminator-design--default  \"\n\t\t\t\tmethod=\"post\"\n\t\t\t\tdata-forminator-render=\"0\"\n\t\t\t\tdata-form-id=\"351\"\n\t\t\t\t data-color-option=\"theme\" data-design=\"default\" data-grid=\"open\" style=\"display: none;\"\n\t\t\t\tdata-uid=\"69e3651e3c239\"\n\t\t\t><div role=\"alert\" aria-live=\"polite\" class=\"forminator-response-message forminator-error\" aria-hidden=\"true\"><\/div><div class=\"forminator-row\"><div id=\"name-1\" class=\"forminator-field-name forminator-col forminator-col-12 \"><div class=\"forminator-row forminator-no-margin\" data-multiple=\"true\"><div class=\"forminator-col forminator-col-md-6\"><div class=\"forminator-field\"><label for=\"forminator-field-first-name-1_69e3651e3c239\" id=\"forminator-field-first-name-1_69e3651e3c239-label\" class=\"forminator-label\">Vorname <span class=\"forminator-required\">*<\/span><\/label><input type=\"text\" name=\"name-1-first-name\" placeholder=\"\" id=\"forminator-field-first-name-1_69e3651e3c239\" class=\"forminator-input\" aria-required=\"true\" data-multi=\"1\" autocomplete=\"given-name\" value=\"\" \/><\/div><\/div><div class=\"forminator-col forminator-col-md-6\"><div class=\"forminator-field\"><label for=\"forminator-field-last-name-1_69e3651e3c239\" id=\"forminator-field-last-name-1_69e3651e3c239-label\" class=\"forminator-label\">Nachname <span class=\"forminator-required\">*<\/span><\/label><input type=\"text\" name=\"name-1-last-name\" placeholder=\"\" id=\"forminator-field-last-name-1_69e3651e3c239\" class=\"forminator-input\" aria-required=\"true\" data-multi=\"1\" autocomplete=\"family-name\" value=\"\" \/><\/div><\/div><\/div><\/div><\/div><div class=\"forminator-row\"><div id=\"email-1\" class=\"forminator-field-email forminator-col forminator-col-12 \"><div class=\"forminator-field\"><label for=\"forminator-field-email-1_69e3651e3c239\" id=\"forminator-field-email-1_69e3651e3c239-label\" class=\"forminator-label\">E-Mail-Adresse <span class=\"forminator-required\">*<\/span><\/label><input type=\"email\" name=\"email-1\" value=\"\" placeholder=\"\" id=\"forminator-field-email-1_69e3651e3c239\" class=\"forminator-input forminator-email--field\" data-required=\"1\" aria-required=\"true\" autocomplete=\"email\" \/><\/div><\/div><\/div><div class=\"forminator-row\"><div id=\"phone-1\" class=\"forminator-field-phone forminator-col forminator-col-12 \"><div class=\"forminator-field\"><label for=\"forminator-field-phone-1_69e3651e3c239\" id=\"forminator-field-phone-1_69e3651e3c239-label\" class=\"forminator-label\">Telefonnummer <span class=\"forminator-required\">*<\/span><\/label><input type=\"text\" name=\"phone-1\" value=\"\" placeholder=\"\" id=\"forminator-field-phone-1_69e3651e3c239\" class=\"forminator-input forminator-field--phone\" data-required=\"1\" aria-required=\"true\" autocomplete=\"off\" \/><\/div><\/div><\/div><div class=\"forminator-row\"><div id=\"textarea-1\" class=\"forminator-field-textarea forminator-col forminator-col-12 \"><div class=\"forminator-field\"><label for=\"forminator-field-textarea-1_69e3651e3c239\" id=\"forminator-field-textarea-1_69e3651e3c239-label\" class=\"forminator-label\">Nachricht <span class=\"forminator-required\">*<\/span><\/label><span id=\"forminator-field-textarea-1_69e3651e3c239-description\" class=\"forminator-description\"><span data-limit=\"180\" data-type=\"characters\" data-editor=\"\">0 \/ 180<\/span><\/span><textarea name=\"textarea-1\" placeholder=\"\" id=\"forminator-field-textarea-1_69e3651e3c239\" class=\"forminator-textarea\" rows=\"6\" style=\"min-height:140px;\" maxlength=\"180\" ><\/textarea><\/div><\/div><\/div><input type=\"hidden\" name=\"referer_url\" value=\"\" \/><div class=\"forminator-row forminator-row-last\"><div class=\"forminator-col\"><div class=\"forminator-field\"><button class=\"forminator-button forminator-button-submit\">Senden<\/button><\/div><\/div><\/div><input type=\"hidden\" id=\"forminator_nonce\" name=\"forminator_nonce\" value=\"6e9efc9ab3\" \/><input type=\"hidden\" name=\"_wp_http_referer\" value=\"\/en\/wp-json\/wp\/v2\/pages\/60\" \/><input type=\"hidden\" name=\"form_id\" value=\"351\"><input type=\"hidden\" name=\"page_id\" value=\"60\"><input type=\"hidden\" name=\"form_type\" value=\"default\"><input type=\"hidden\" name=\"current_url\" value=\"https:\/\/coa-air.com\/en\/\"><input type=\"hidden\" name=\"render_id\" value=\"0\"><input type=\"hidden\" name=\"action\" value=\"forminator_submit_form_custom-forms\"><label for=\"input_5\" class=\"forminator-hidden\" aria-hidden=\"true\">Please do not fill in this field. <input id=\"input_5\" type=\"text\" name=\"input_5\" value=\"\" autocomplete=\"off\"><\/label><\/form><\/div>\n\n\n\n<div style=\"height:80px\" aria-hidden=\"true\" class=\"wp-block-spacer\"><\/div>\n\n\n\n<p class=\"has-text-align-center\">Coa Air Solutions GmbH<br>Am Rennebaum 11, 45549 Sprockh\u00f6vel<br><a href=\"tel:023391219936\">02339 121 99 36<\/a><br><a href=\"mailto:service@coa-air.com\" data-type=\"mailto\" data-id=\"mailto:service@coa-air.com\">service[at]coa-air.com<\/a><br><a href=\"https:\/\/coa-air.com\/impressum-datenschutz\/\" data-type=\"page\" data-id=\"3\">Impressum &amp; Datenschutz<\/a><\/p>\n\n\n\n<p><\/p>\n","protected":false},"excerpt":{"rendered":"<p>\u00dcber uns Die ScandAir GmbH firmiert k\u00fcnftig unter dem Namen Coa Air Solutions GmbH. Mit diesem Schritt stellen wir unseren [&hellip;]<\/p>\n","protected":false},"author":1,"featured_media":0,"parent":0,"menu_order":0,"comment_status":"closed","ping_status":"closed","template":"","meta":{"site-sidebar-layout":"default","site-content-layout":"","ast-site-content-layout":"","site-content-style":"default","site-sidebar-style":"default","ast-global-header-display":"","ast-banner-title-visibility":"","ast-main-header-display":"","ast-hfb-above-header-display":"","ast-hfb-below-header-display":"","ast-hfb-mobile-header-display":"","site-post-title":"disabled","ast-breadcrumbs-content":"","ast-featured-img":"","footer-sml-layout":"","ast-disable-related-posts":"","theme-transparent-header-meta":"","adv-header-id-meta":"","stick-header-meta":"","header-above-stick-meta":"","header-main-stick-meta":"","header-below-stick-meta":"","astra-migrate-meta-layouts":"default","ast-page-background-enabled":"default","ast-page-background-meta":{"desktop":{"background-color":"var(--ast-global-color-5)","background-image":"","background-repeat":"repeat","background-position":"center center","background-size":"auto","background-attachment":"scroll","background-type":"","background-media":"","overlay-type":"","overlay-color":"","overlay-opacity":"","overlay-gradient":""},"tablet":{"background-color":"","background-image":"","background-repeat":"repeat","background-position":"center center","background-size":"auto","background-attachment":"scroll","background-type":"","background-media":"","overlay-type":"","overlay-color":"","overlay-opacity":"","overlay-gradient":""},"mobile":{"background-color":"","background-image":"","background-repeat":"repeat","background-position":"center center","background-size":"auto","background-attachment":"scroll","background-type":"","background-media":"","overlay-type":"","overlay-color":"","overlay-opacity":"","overlay-gradient":""}},"ast-content-background-meta":{"desktop":{"background-color":"var(--ast-global-color-4)","background-image":"","background-repeat":"repeat","background-position":"center center","background-size":"auto","background-attachment":"scroll","background-type":"","background-media":"","overlay-type":"","overlay-color":"","overlay-opacity":"","overlay-gradient":""},"tablet":{"background-color":"var(--ast-global-color-4)","background-image":"","background-repeat":"repeat","background-position":"center center","background-size":"auto","background-attachment":"scroll","background-type":"","background-media":"","overlay-type":"","overlay-color":"","overlay-opacity":"","overlay-gradient":""},"mobile":{"background-color":"var(--ast-global-color-4)","background-image":"","background-repeat":"repeat","background-position":"center center","background-size":"auto","background-attachment":"scroll","background-type":"","background-media":"","overlay-type":"","overlay-color":"","overlay-opacity":"","overlay-gradient":""}},"footnotes":""},"class_list":["post-60","page","type-page","status-publish","hentry"],"_links":{"self":[{"href":"https:\/\/coa-air.com\/en\/wp-json\/wp\/v2\/pages\/60","targetHints":{"allow":["GET"]}}],"collection":[{"href":"https:\/\/coa-air.com\/en\/wp-json\/wp\/v2\/pages"}],"about":[{"href":"https:\/\/coa-air.com\/en\/wp-json\/wp\/v2\/types\/page"}],"author":[{"embeddable":true,"href":"https:\/\/coa-air.com\/en\/wp-json\/wp\/v2\/users\/1"}],"replies":[{"embeddable":true,"href":"https:\/\/coa-air.com\/en\/wp-json\/wp\/v2\/comments?post=60"}],"version-history":[{"count":20,"href":"https:\/\/coa-air.com\/en\/wp-json\/wp\/v2\/pages\/60\/revisions"}],"predecessor-version":[{"id":355,"href":"https:\/\/coa-air.com\/en\/wp-json\/wp\/v2\/pages\/60\/revisions\/355"}],"wp:attachment":[{"href":"https:\/\/coa-air.com\/en\/wp-json\/wp\/v2\/media?parent=60"}],"curies":[{"name":"wp","href":"https:\/\/api.w.org\/{rel}","templated":true}]}}